{"id":34,"date":"2022-08-10T11:44:30","date_gmt":"2022-08-10T04:44:30","guid":{"rendered":"https:\/\/spa.themevivu.site\/?page_id=34"},"modified":"2026-03-02T14:39:45","modified_gmt":"2026-03-02T07:39:45","slug":"lien-he","status":"publish","type":"page","link":"https:\/\/duongsinhspa.vn\/en\/contact\/","title":{"rendered":"Book &amp; Contact"},"content":{"rendered":"<div class=\"banner has-hover\" id=\"banner-992857792\">\n          <div class=\"banner-inner fill\">\n        <div class=\"banner-bg fill\" >\n            <img loading=\"lazy\" decoding=\"async\" width=\"780\" height=\"520\" src=\"https:\/\/duongsinhspa.vn\/wp-content\/uploads\/2025\/12\/4-hand-massage-ho-chi-minh-district-1.jpg\" class=\"bg\" alt=\"4 Hands Massage Ho Chi Minh (Saigon) District 1\" srcset=\"https:\/\/duongsinhspa.vn\/wp-content\/uploads\/2025\/12\/4-hand-massage-ho-chi-minh-district-1.jpg 780w, https:\/\/duongsinhspa.vn\/wp-content\/uploads\/2025\/12\/4-hand-massage-ho-chi-minh-district-1-768x512.jpg 768w, https:\/\/duongsinhspa.vn\/wp-content\/uploads\/2025\/12\/4-hand-massage-ho-chi-minh-district-1-18x12.jpg 18w\" sizes=\"auto, (max-width: 780px) 100vw, 780px\" title=\"\">                        <div class=\"overlay\"><\/div>            \n                    <\/div>\n\t\t\n        <div class=\"banner-layers container\">\n            <div class=\"fill banner-link\"><\/div>            \n   <div id=\"text-box-1431471748\" class=\"text-box banner-layer x5 md-x5 lg-x5 y50 md-y50 lg-y50 res-text\">\n                                <div class=\"text-box-content text dark\">\n              \n              <div class=\"text-inner text-left\">\n                  \n<h1>Contact Moc Kim Spa &amp; Beauty<\/h1>\n<p>Wellness spa, relaxing massage &amp; skincare in District 1, Ho Chi Minh City.<\/p>\n<a href=\"#dat-lich\" class=\"button secondary is-large\"  >\n\t<i class=\"icon-angle-right\" aria-hidden=\"true\" ><\/i>\t<span>Book Now!<\/span>\n\t<\/a>\n\n<a href=\"https:\/\/www.google.com\/maps?cid=13126041632094594030\" class=\"button white is-outline is-large\" rel=\"nofollow noopener\" target=\"_blank\">\n\t<i class=\"icon-map-pin-fill\" aria-hidden=\"true\" ><\/i>\t<span>Open Google Maps<\/span>\n\t<\/a>\n\n              <\/div>\n           <\/div>\n                            \n<style>\n#text-box-1431471748 {\n  width: 92%;\n}\n#text-box-1431471748 .text-box-content {\n  font-size: 100%;\n}\n@media (min-width:550px) {\n  #text-box-1431471748 {\n    width: 60%;\n  }\n}\n<\/style>\n    <\/div>\n \n        <\/div>\n      <\/div>\n\n            \n<style>\n#banner-992857792 {\n  padding-top: 420px;\n}\n#banner-992857792 .overlay {\n  background-color: rgba(0,0,0,.55);\n}\n<\/style>\n  <\/div>\n\n\n\n\t<section class=\"section\" id=\"section_1003650095\">\n\t\t<div class=\"section-bg fill\" >\n\t\t\t\t\t\t\t\t\t\n\t\t\t\n\n\t\t<\/div>\n\n\t\t\n\n\t\t<div class=\"section-content relative\">\n\t\t\t\n<div class=\"row row-large align-middle\"  id=\"row-1981882456\">\n\n\t<div id=\"col-2095370323\" class=\"col medium-6 small-12 large-6\"  >\n\t\t\t\t<div class=\"col-inner\"  >\n\t\t\t\n\t\t\t\n<h2>Visit Moc Kim Spa in District 1.<\/h2>\n<div class=\"row row-small align-middle\"  id=\"row-1932980018\">\n\n\t<div id=\"col-431745706\" class=\"col medium-1 small-2 large-1\"  >\n\t\t\t\t<div class=\"col-inner text-center\"  >\n\t\t\t\n\t\t\t\n<i class=\"icon-map-pin-fill\"><\/i>\n\t\t<\/div>\n\t\t\t\t\t<\/div>\n\n\t\n\n\t<div id=\"col-614665368\" class=\"col medium-11 small-10 large-11\"  >\n\t\t\t\t<div class=\"col-inner\"  >\n\t\t\t\n\t\t\t\n<p><strong>Address<\/strong><br \/>\n12L Nguyen Thi Minh Khai Street, Da Kao Ward,<br \/>\nDistrict 1, Ho Chi Minh City<\/p>\n\t\t<\/div>\n\t\t\t\t\t<\/div>\n\n\t\n\n\t<div id=\"col-383949193\" class=\"col medium-1 small-2 large-1\"  >\n\t\t\t\t<div class=\"col-inner text-center\"  >\n\t\t\t\n\t\t\t\n<i class=\"icon-clock\"><\/i>\n\t\t<\/div>\n\t\t\t\t\t<\/div>\n\n\t\n\n\t<div id=\"col-1979373998\" class=\"col medium-11 small-10 large-11\"  >\n\t\t\t\t<div class=\"col-inner\"  >\n\t\t\t\n\t\t\t\n<p><strong>Opening hours<\/strong><br \/>\n9:00 AM \u2013 9:00 PM (daily)<\/p>\n\t\t<\/div>\n\t\t\t\t\t<\/div>\n\n\t\n\n\t<div id=\"col-1510629934\" class=\"col medium-1 small-2 large-1\"  >\n\t\t\t\t<div class=\"col-inner text-center\"  >\n\t\t\t\n\t\t\t\n<i class=\"icon-phone\"><\/i>\n\t\t<\/div>\n\t\t\t\t\t<\/div>\n\n\t\n\n\t<div id=\"col-927209338\" class=\"col medium-11 small-10 large-11\"  >\n\t\t\t\t<div class=\"col-inner\"  >\n\t\t\t\n\t\t\t\n<p><strong>Book &amp; Contact<\/strong><br \/>\nHotline: +84 968 459 618<br \/>\nWhatsApp: +84 934 193 758<\/p>\n\t\t<\/div>\n\t\t\t\t\t<\/div>\n\n\t\n<\/div>\n\t\t<\/div>\n\t\t\t\t\t<\/div>\n\n\t\n\n\t<div id=\"col-2063222324\" class=\"col medium-6 small-12 large-6\"  >\n\t\t\t\t<div class=\"col-inner\"  >\n\t\t\t\n\t\t\t\n\t<div class=\"img has-hover x md-x lg-x y md-y lg-y\" id=\"image_1386116375\">\n\t\t\t\t\t\t\t\t<div class=\"img-inner dark\" >\n\t\t\t<img loading=\"lazy\" decoding=\"async\" width=\"780\" height=\"520\" src=\"https:\/\/duongsinhspa.vn\/wp-content\/uploads\/2025\/12\/4-hand-massage-Ho-Chi-Minh-Foot-Massage-District-1.jpg\" class=\"attachment-large size-large\" alt=\"4 Hand Massage Ho Chi Minh Near Me District 1 SaiGon\" srcset=\"https:\/\/duongsinhspa.vn\/wp-content\/uploads\/2025\/12\/4-hand-massage-Ho-Chi-Minh-Foot-Massage-District-1.jpg 780w, https:\/\/duongsinhspa.vn\/wp-content\/uploads\/2025\/12\/4-hand-massage-Ho-Chi-Minh-Foot-Massage-District-1-768x512.jpg 768w, https:\/\/duongsinhspa.vn\/wp-content\/uploads\/2025\/12\/4-hand-massage-Ho-Chi-Minh-Foot-Massage-District-1-18x12.jpg 18w\" sizes=\"auto, (max-width: 780px) 100vw, 780px\" title=\"\">\t\t\t\t\t\t\n\t\t\t\t\t<\/div>\n\t\t\t\t\t\t\t\t\n<style>\n#image_1386116375 {\n  width: 100%;\n}\n<\/style>\n\t<\/div>\n\t\n\t\t<\/div>\n\t\t\t\t\t<\/div>\n\n\t\n<\/div>\n\t\t<\/div>\n\n\t\t\n<style>\n#section_1003650095 {\n  padding-top: 45px;\n  padding-bottom: 45px;\n}\n@media (min-width:550px) {\n  #section_1003650095 {\n    padding-top: 70px;\n    padding-bottom: 70px;\n  }\n}\n<\/style>\n\t<\/section>\n\t\n\n\t<section class=\"section\" id=\"section_1879749804\">\n\t\t<div class=\"section-bg fill\" >\n\t\t\t\t\t\t\t\t\t\n\t\t\t\n\n\t\t<\/div>\n\n\t\t\n\n\t\t<div class=\"section-content relative\">\n\t\t\t\n<div class=\"row\"  id=\"row-1361374849\">\n\n\t<div id=\"col-1772037487\" class=\"col large-12\"  >\n\t\t\t\t<div class=\"col-inner\"  >\n\t\t\t\n\t\t\t\n<h2>Directions<\/h2>\n\t\t<\/div>\n\t\t\t\t\t<\/div>\n\n\t\n\n\t<div id=\"col-860323879\" class=\"col medium-4 small-12 large-4\"  >\n\t\t\t\t<div class=\"col-inner\"  >\n\t\t\t\n\t\t\t\n<h4><i class=\"icon-plane\"><\/i> From Tan Son Nhat Airport<\/h4>\n<p>Approximately 20\u201335 minutes, depending on traffic conditions.<\/p>\n\t\t<\/div>\n\t\t\t\t\t<\/div>\n\n\t\n\n\t<div id=\"col-292771420\" class=\"col medium-4 small-12 large-4\"  >\n\t\t\t\t<div class=\"col-inner\"  >\n\t\t\t\n\t\t\t\n<h4><i class=\"icon-location\"><\/i> From the center of District 1<\/h4>\n<p>Approximately 10\u201320 minutes, depending on the starting point.<\/p>\n\t\t<\/div>\n\t\t\t\t\t<\/div>\n\n\t\n\n\t<div id=\"col-635596339\" class=\"col medium-4 small-12 large-4\"  >\n\t\t\t\t<div class=\"col-inner\"  >\n\t\t\t\n\t\t\t\n<h4><i class=\"icon-star\"><\/i> From the central hotel<\/h4>\n<p>Most hotels in District 1 are within a 5\u201315 minute drive.<\/p>\n\t\t<\/div>\n\t\t\t\t\t<\/div>\n\n\t\n<\/div>\n\t\t<\/div>\n\n\t\t\n<style>\n#section_1879749804 {\n  padding-top: 40px;\n  padding-bottom: 40px;\n  background-color: rgb(247,243,239);\n}\n@media (min-width:550px) {\n  #section_1879749804 {\n    padding-top: 60px;\n    padding-bottom: 60px;\n  }\n}\n<\/style>\n\t<\/section>\n\t\n\n\t<section class=\"section\" id=\"section_1423942999\">\n\t\t<div class=\"section-bg fill\" >\n\t\t\t\t\t\t\t\t\t\n\t\t\t\n\n\t\t<\/div>\n\n\t\t\n\n\t\t<div class=\"section-content relative\">\n\t\t\t\n<div class=\"row\"  id=\"row-130871931\">\n\n\t<div id=\"col-1644197536\" class=\"col large-12\"  >\n\t\t\t\t<div class=\"col-inner\"  >\n\t\t\t\n\t\t\t\n<h2>Discover the services at Moc Kim<\/h2>\n<p>You can choose a suitable treatment and book an appointment in advance to secure your preferred time slot.<\/p>\n\t\t<\/div>\n\t\t\t\t\t<\/div>\n\n\t\n\n\t<div id=\"col-609357538\" class=\"col medium-4 small-12 large-4\"  >\n\t\t\t\t<div class=\"col-inner\"  >\n\t\t\t\n\t\t\t\n<h4><i class=\"icon-heart\"><\/i> Body massage<\/h4>\n<p>Body &amp; Foot massage, hot stone therapy, neck and shoulder massage, back massage<\/p>\n<a href=\"\/en\/foot-massage-body-massage-services\/\" class=\"button primary is-outline is-medium expand\"  >\n\t<i class=\"icon-angle-right\" aria-hidden=\"true\" ><\/i>\t<span>View services<\/span>\n\t<\/a>\n\n\t\t<\/div>\n\t\t\t\t\t<\/div>\n\n\t\n\n\t<div id=\"col-1764453676\" class=\"col medium-4 small-12 large-4\"  >\n\t\t\t\t<div class=\"col-inner\"  >\n\t\t\t\n\t\t\t\n<h4><i class=\"icon-leaf\"><\/i> Facial care<\/h4>\n<p>Deep cleansing, acne treatment, brightening, and intensive skincare treatments.<\/p>\n<a href=\"\/en\/facial-care\/\" class=\"button primary is-outline is-medium expand\"  >\n\t<i class=\"icon-angle-right\" aria-hidden=\"true\" ><\/i>\t<span>View services<\/span>\n\t<\/a>\n\n\t\t<\/div>\n\t\t\t\t\t<\/div>\n\n\t\n\n\t<div id=\"col-1966192345\" class=\"col medium-4 small-12 large-4\"  >\n\t\t\t\t<div class=\"col-inner\"  >\n\t\t\t\n\t\t\t\n<h4><i class=\"icon-sparkle\"><\/i> Hair Wash &amp; Head Spa<\/h4>\n<p>Herbal hair wash combined with a relaxing scalp massage helps to unwind and restore energy.<\/p>\n<a href=\"\/en\/herbal-hair-wash-massage\/\" class=\"button primary is-outline is-medium expand\"  >\n\t<i class=\"icon-angle-right\" aria-hidden=\"true\" ><\/i>\t<span>View services<\/span>\n\t<\/a>\n\n\t\t<\/div>\n\t\t\t\t\t<\/div>\n\n\t\n<\/div>\n\t\t<\/div>\n\n\t\t\n<style>\n#section_1423942999 {\n  padding-top: 40px;\n  padding-bottom: 40px;\n}\n@media (min-width:550px) {\n  #section_1423942999 {\n    padding-top: 65px;\n    padding-bottom: 65px;\n  }\n}\n<\/style>\n\t<\/section>\n\t\n\n\t<section class=\"section\" id=\"section_1153505740\">\n\t\t<div class=\"section-bg fill\" >\n\t\t\t\t\t\t\t\t\t\n\t\t\t\n\n\t\t<\/div>\n\n\t\t\n\n\t\t<div class=\"section-content relative\">\n\t\t\t\n<div class=\"row row-large align-middle\"  id=\"row-636852932\">\n\n\t<div id=\"col-153254776\" class=\"col medium-6 small-12 large-6\"  >\n\t\t\t\t<div class=\"col-inner\"  >\n\t\t\t\n\t\t\t\n<h2>Schedule an appointment<\/h2>\n<p>Moc Kim still accepts walk-ins, however we encourage you to book in advance to secure your preferred time slot.<\/p>\n<p><strong>Please provide:<\/strong> Name, service, date &amp; time, number of guests.<\/p>\n<p><i class=\"icon-phone\"><\/i> Hotline: +84 968 459 618<\/p>\n<p><i class=\"icon-chat\"><\/i> WhatsApp: +84 934 193 758<\/p>\n<p><\/p>\n<div class=\"row row-small\"  id=\"row-1921932010\">\n\n\t<div id=\"col-864501853\" class=\"col medium-6 small-12 large-6\"  >\n\t\t\t\t<div class=\"col-inner\"  >\n\t\t\t\n\t\t\t\n<a href=\"https:\/\/wa.me\/84934193758\" class=\"button secondary is-large expand\" rel=\"nofollow noopener\" target=\"_blank\">\n\t<i class=\"icon-chat\" aria-hidden=\"true\" ><\/i>\t<span>Book an appointment via WhatsApp<\/span>\n\t<\/a>\n\n\t\t<\/div>\n\t\t\t\t\t<\/div>\n\n\t\n\n\t<div id=\"col-21838314\" class=\"col medium-6 small-12 large-6\"  >\n\t\t\t\t<div class=\"col-inner\"  >\n\t\t\t\n\t\t\t\n<a href=\"tel: 84968459618\" class=\"button primary is-outline is-large expand\"  >\n\t<i class=\"icon-phone\" aria-hidden=\"true\" ><\/i>\t<span>Call to schedule an appointment<\/span>\n\t<\/a>\n\n\t\t<\/div>\n\t\t\t\t\t<\/div>\n\n\t\n<\/div>\n\t\t<\/div>\n\t\t\t\t\t<\/div>\n\n\t\n\n\t<div id=\"col-1089184115\" class=\"col medium-6 small-12 large-6\"  >\n\t\t\t\t<div class=\"col-inner\"  >\n\t\t\t\n\t\t\t\n<h3><i class=\"icon-edit\"><\/i> Appointment booking form<\/h3>\n\n<div class=\"wpcf7 no-js\" id=\"wpcf7-f383-o1\" lang=\"vi\" dir=\"ltr\">\n<div class=\"screen-reader-response\"><p role=\"status\" aria-live=\"polite\" aria-atomic=\"true\"><\/p> <ul><\/ul><\/div>\n<form action=\"\/wp-json\/wp\/v2\/pages\/34\" method=\"post\" class=\"wpcf7-form init\" aria-label=\"Contact form\" novalidate=\"novalidate\" data-status=\"init\" data-trp-original-action=\"\/en\/wp-json\/wp\/v2\/pages\/34#wpcf7-f383-o1\">\n<div style=\"display: none;\">\n<input type=\"hidden\" name=\"_wpcf7\" value=\"383\" \/>\n<input type=\"hidden\" name=\"_wpcf7_version\" value=\"5.9.8\" \/>\n<input type=\"hidden\" name=\"_wpcf7_locale\" value=\"vi\" \/>\n<input type=\"hidden\" name=\"_wpcf7_unit_tag\" value=\"wpcf7-f383-o1\" \/>\n<input type=\"hidden\" name=\"_wpcf7_container_post\" value=\"0\" \/>\n<input type=\"hidden\" name=\"_wpcf7_posted_data_hash\" value=\"\" \/>\n<\/div>\n<div style=\"display: none\"><p><span class=\"wpcf7-form-control-wrap\" data-name=\"devvn\"><input size=\"40\" class=\"wpcf7-form-control wpcf7-text\" aria-invalid=\"false\" value=\"\" type=\"text\" name=\"devvn\"><\/span><\/p><\/div><div class=\"form-lien-he\" id=\"booking-form\">\n\t<h3><i class=\"fa fa-calendar\" aria-hidden=\"true\"><\/i> Book Your Spa Bliss Now!\n\t<\/h3>\n\t<p><span class=\"wpcf7-form-control-wrap\" data-name=\"customer-name\"><input size=\"40\" maxlength=\"400\" class=\"wpcf7-form-control wpcf7-text wpcf7-validates-as-required\" aria-required=\"true\" aria-invalid=\"false\" placeholder=\"Your name...\" value=\"\" type=\"text\" name=\"customer-name\" \/><\/span><br \/>\n<span class=\"wpcf7-form-control-wrap\" data-name=\"country-code\"><select class=\"wpcf7-form-control wpcf7-select wpcf7-validates-as-required\" aria-required=\"true\" aria-invalid=\"false\" name=\"country-code\"><option value=\"\">Select your country code<\/option><option value=\"USA\/Canada (+1)\">USA\/Canada (+1)<\/option><option value=\"Australia (+61)\">Australia (+61)<\/option><option value=\"Singapore (+65)\">Singapore (+65)<\/option><option value=\"United Kingdom (+44)\">United Kingdom (+44)<\/option><option value=\"Vietnam (+84)\">Vietnam (+84)<\/option><option value=\"Japan (+81)\">Japan (+81)<\/option><option value=\"Korea (+82)\">Korea (+82)<\/option><option value=\"China (+86)\">China (+86)<\/option><option value=\"India (+91)\">India (+91)<\/option><option value=\"France (+33)\">France (+33)<\/option><option value=\"Germany (+49)\">Germany (+49)<\/option><option value=\"Thailand (+66)\">Thailand (+66)<\/option><option value=\"Malaysia (+60)\">Malaysia (+60)<\/option><option value=\"Others\">Others<\/option><\/select><\/span><br \/>\n<span class=\"wpcf7-form-control-wrap\" data-name=\"your-tel\"><input size=\"40\" maxlength=\"400\" class=\"wpcf7-form-control wpcf7-tel wpcf7-validates-as-required wpcf7-text wpcf7-validates-as-tel\" aria-required=\"true\" aria-invalid=\"false\" placeholder=\"Country code + Phone number, eg. +16146491554\" value=\"\" type=\"tel\" name=\"your-tel\" \/><\/span><br \/>\n<span class=\"wpcf7-form-control-wrap\" data-name=\"date-2\"><input class=\"wpcf7-form-control wpcf7-date wpcf7-validates-as-date\" max=\"2026-04-24\" aria-invalid=\"false\" value=\"2026-04-13\" type=\"date\" name=\"date-2\" \/><\/span><br \/>\n<span class=\"wpcf7-form-control-wrap\" data-name=\"dich-vu\"><select class=\"wpcf7-form-control wpcf7-select wpcf7-validates-as-required\" aria-required=\"true\" aria-invalid=\"false\" name=\"dich-vu\"><option value=\"\">Select your treatment<\/option><option value=\"Herbal Hair Wash \u2013 60 Min\">Herbal Hair Wash \u2013 60 Min<\/option><option value=\"Neck &amp; Shoulder Massage \u2013 40\/70 Min\">Neck &amp; Shoulder Massage \u2013 40\/70 Min<\/option><option value=\"Body Massage \u2013 70\/100 Min\">Body Massage \u2013 70\/100 Min<\/option><option value=\"Foot Massage \u2013 40\/60\/70 Min\">Foot Massage \u2013 40\/60\/70 Min<\/option><option value=\"Facial \u2013 40\/70\/100 Min\">Facial \u2013 40\/70\/100 Min<\/option><option value=\"Massage &amp; Facial \u2013 90\/120 Min\">Massage &amp; Facial \u2013 90\/120 Min<\/option><option value=\"Massage, Facial &amp; Head Spa \u2013 90\/120 Min Package\">Massage, Facial &amp; Head Spa \u2013 90\/120 Min Package<\/option><option value=\"Massage + Premium Facial \u2013 120 Min\">Massage + Premium Facial \u2013 120 Min<\/option><option value=\"Cooling Massage, Facial &amp; Head Spa \u2013 90 Min\">Cooling Massage, Facial &amp; Head Spa \u2013 90 Min<\/option><option value=\"Body Scrub \u2013 60 Min\">Body Scrub \u2013 60 Min<\/option><option value=\"Body Scrub &amp; Whitening Mask \u2013 120 Min\">Body Scrub &amp; Whitening Mask \u2013 120 Min<\/option><option value=\"Kids Hair Spa \u2013 35\/60 Min\">Kids Hair Spa \u2013 35\/60 Min<\/option><option value=\"Kids Facial \u2013 40\/45 Min\">Kids Facial \u2013 40\/45 Min<\/option><option value=\"Kids Body Massage \u2013 45\/60 Min\">Kids Body Massage \u2013 45\/60 Min<\/option><option value=\"Kids Foot Massage &amp; Soak \u2013 40\/60 Min\">Kids Foot Massage &amp; Soak \u2013 40\/60 Min<\/option><\/select><\/span>\n\t<\/p>\n\t<p><span class=\"wpcf7-form-control-wrap\" data-name=\"thoi-gian\"><select class=\"wpcf7-form-control wpcf7-select wpcf7-validates-as-required\" aria-required=\"true\" aria-invalid=\"false\" name=\"thoi-gian\"><option value=\"\">Choose a time<\/option><option value=\"09:30 AM\">09:30 AM<\/option><option value=\"10:00 AM\">10:00 AM<\/option><option value=\"10:30 AM\">10:30 AM<\/option><option value=\"11:00 AM\">11:00 AM<\/option><option value=\"11:30 AM\">11:30 AM<\/option><option value=\"12:00 PM\">12:00 PM<\/option><option value=\"12:30 PM\">12:30 PM<\/option><option value=\"01:00 PM\">01:00 PM<\/option><option value=\"01:30 PM\">01:30 PM<\/option><option value=\"02:00 PM\">02:00 PM<\/option><option value=\"02:30 PM\">02:30 PM<\/option><option value=\"03:00 PM\">03:00 PM<\/option><option value=\"03:30 PM\">03:30 PM<\/option><option value=\"04:00 PM\">04:00 PM<\/option><option value=\"04:30 PM\">04:30 PM<\/option><option value=\"05:00 PM\">05:00 PM<\/option><option value=\"05:30 PM\">05:30 PM<\/option><option value=\"06:00 PM\">06:00 PM<\/option><option value=\"06:30 PM\">06:30 PM<\/option><option value=\"07:00 PM\">07:00 PM<\/option><option value=\"07:30 PM\">07:30 PM<\/option><option value=\"08:00 PM\">08:00 PM<\/option><option value=\"08:30 PM\">08:30 PM<\/option><\/select><\/span><br \/>\n<span class=\"wpcf7-form-control-wrap\" data-name=\"so-nguoi\"><select class=\"wpcf7-form-control wpcf7-select wpcf7-validates-as-required\" aria-required=\"true\" aria-invalid=\"false\" name=\"so-nguoi\"><option value=\"\">Number of people booking<\/option><option value=\"1\">1<\/option><option value=\"2\">2<\/option><option value=\"3\">3<\/option><option value=\"4\">4<\/option><option value=\"5\">5<\/option><option value=\"6\">6<\/option><option value=\"7\">7<\/option><option value=\"8 ho\u1eb7c nhi\u1ec1u h\u01a1n\">8 or more<\/option><\/select><\/span><br \/>\n<input class=\"wpcf7-form-control wpcf7-submit has-spinner\" type=\"submit\" value=\"Submit information\" \/>\n\t<\/p>\n<\/div><div class=\"wpcf7-response-output\" aria-hidden=\"true\"><\/div>\n<input type=\"hidden\" name=\"trp-form-language\" value=\"en\"\/><\/form>\n<\/div>\n\n\t\t<\/div>\n\t\t\t\t\t<\/div>\n\n\t\n<\/div>\n\t\t<\/div>\n\n\t\t\n<style>\n#section_1153505740 {\n  padding-top: 45px;\n  padding-bottom: 45px;\n  background-color: rgb(237,230,223);\n}\n@media (min-width:550px) {\n  #section_1153505740 {\n    padding-top: 70px;\n    padding-bottom: 70px;\n  }\n}\n<\/style>\n\t<\/section>\n\t\n\n\t<section class=\"section\" id=\"section_1915640095\">\n\t\t<div class=\"section-bg fill\" >\n\t\t\t\t\t\t\t\t\t\n\t\t\t\n\n\t\t<\/div>\n\n\t\t\n\n\t\t<div class=\"section-content relative\">\n\t\t\t\n<div class=\"row\"  id=\"row-1807824865\">\n\n\t<div id=\"col-145620059\" class=\"col large-12\"  >\n\t\t\t\t<div class=\"col-inner\"  >\n\t\t\t\n\t\t\t\n<h2><i class=\"icon-map-pin-fill\"><\/i> Directions map<\/h2>\n\t\t<\/div>\n\t\t\t\t\t<\/div>\n\n\t\n\n\t<div id=\"col-1825409111\" class=\"col large-12\"  >\n\t\t\t\t<div class=\"col-inner\"  >\n\t\t\t\n\t\t\t\n\n<iframe\n  src=\"https:\/\/www.google.com\/maps\/embed\/v1\/place?key=AIzaSyB2NIWI3Tv9iDPrlnowr_0ZqZWoAQydKJU&amp;q=M%E1%BB%99c%20Kim%20Spa%20-%20Body%20Massage%2C%20Scalp%20Therapy%2C%20and%20Facial%20Radiance%2C%20%C4%90%C6%B0%E1%BB%9Dng%20Nguy%E1%BB%85n%20Th%E1%BB%8B%20Minh%20Khai%2C%20Da%20Kao%2C%20District%201%2C%20Ho%20Chi%20Minh%20City%2C%20Vietnam&amp;maptype=roadmap\"\n  width=\"100%\" height=\"450\" style=\"border:0;\" loading=\"lazy\" allowfullscreen><br \/>\n<\/iframe><br \/>\n\n\t\t<\/div>\n\t\t\t\t\t<\/div>\n\n\t\n<\/div>\n\t\t<\/div>\n\n\t\t\n<style>\n#section_1915640095 {\n  padding-top: 40px;\n  padding-bottom: 40px;\n}\n@media (min-width:550px) {\n  #section_1915640095 {\n    padding-top: 60px;\n    padding-bottom: 60px;\n  }\n}\n<\/style>\n\t<\/section>\n\t\n\n\t<section class=\"section\" id=\"section_1157001935\">\n\t\t<div class=\"section-bg fill\" >\n\t\t\t\t\t\t\t\t\t\n\t\t\t\n\n\t\t<\/div>\n\n\t\t\n\n\t\t<div class=\"section-content relative\">\n\t\t\t\n<div class=\"row\"  id=\"row-1467179517\">\n\n\t<div id=\"col-442225255\" class=\"col large-12\"  >\n\t\t\t\t<div class=\"col-inner\"  >\n\t\t\t\n\t\t\t\n<h2><i class=\"icon-help\"><\/i> Frequently Asked Questions<\/h2>\n<div class=\"accordion\">\n\t<div id=\"accordion-4009239651\" class=\"accordion-item\">\n\t\t<a id=\"accordion-4009239651-label\" class=\"accordion-title plain\" href=\"#accordion-item-t\u00f4i-c\u00f3-c\u1ea7n-\u0111\u1eb7t-l\u1ecbch-tr\u01b0\u1edbc-hay-kh\u00f4ng?\" aria-expanded=\"false\" aria-controls=\"accordion-4009239651-content\" >\n\t\t\t<button class=\"toggle\" aria-label=\"Toggle\"><i class=\"icon-angle-down\"><\/i><\/button>\n\t\t\t<span>Do I need to make an appointment in advance?<\/span>\n\t\t<\/a>\n\t\t<div id=\"accordion-4009239651-content\" class=\"accordion-inner\" aria-labelledby=\"accordion-4009239651-label\" >\n\t\t\t\n<p>Moc Kim still accepts walk-ins, however, we encourage you to book in advance to ensure availability and your preferred time slot when you arrive.<\/p>\n\t\t<\/div>\n\t<\/div>\n\t\n\t<div id=\"accordion-1273051177\" class=\"accordion-item\">\n\t\t<a id=\"accordion-1273051177-label\" class=\"accordion-title plain\" href=\"#accordion-item-t\u00f4i-\u0111\u1eb7t-l\u1ecbch-nh\u01b0-th\u1ebf-n\u00e0o?\" aria-expanded=\"false\" aria-controls=\"accordion-1273051177-content\" >\n\t\t\t<button class=\"toggle\" aria-label=\"Toggle\"><i class=\"icon-angle-down\"><\/i><\/button>\n\t\t\t<span>How do I schedule an appointment?<\/span>\n\t\t<\/a>\n\t\t<div id=\"accordion-1273051177-content\" class=\"accordion-inner\" aria-labelledby=\"accordion-1273051177-label\" >\n\t\t\t\n<p>You can request an appointment through the form on the website (right here), or send a message via WhatsApp, or call the hotline directly for the fastest support.<\/p>\n\t\t<\/div>\n\t<\/div>\n\t\n\t<div id=\"accordion-831348938\" class=\"accordion-item\">\n\t\t<a id=\"accordion-831348938-label\" class=\"accordion-title plain\" href=\"#accordion-item-spa-c\u00f3-ph\u00f2ng-ri\u00eang-t\u01b0-ho\u1eb7c-ph\u00f2ng-cho-c\u1eb7p-\u0111\u00f4i-hay-kh\u00f4ng?\" aria-expanded=\"false\" aria-controls=\"accordion-831348938-content\" >\n\t\t\t<button class=\"toggle\" aria-label=\"Toggle\"><i class=\"icon-angle-down\"><\/i><\/button>\n\t\t\t<span>Does the spa have private rooms or rooms for couples?<\/span>\n\t\t<\/a>\n\t\t<div id=\"accordion-831348938-content\" class=\"accordion-inner\" aria-labelledby=\"accordion-831348938-label\" >\n\t\t\t\n<p>Yes. Please contact our hotline or WhatsApp to request a room of your choice. Moc Kim has private rooms for 1, 2, and 3 people.<\/p>\n\t\t<\/div>\n\t<\/div>\n\t\n\t<div id=\"accordion-3559140208\" class=\"accordion-item\">\n\t\t<a id=\"accordion-3559140208-label\" class=\"accordion-title plain\" href=\"#accordion-item-spa-c\u00f3-ti\u1ec7n-\u0111i-l\u1ea1i-t\u1ea1i-trung-t\u00e2m-th\u00e0nh-ph\u1ed1-hay-kh\u00f4ng?\" aria-expanded=\"false\" aria-controls=\"accordion-3559140208-content\" >\n\t\t\t<button class=\"toggle\" aria-label=\"Toggle\"><i class=\"icon-angle-down\"><\/i><\/button>\n\t\t\t<span>Is the spa conveniently located in the city center?<\/span>\n\t\t<\/a>\n\t\t<div id=\"accordion-3559140208-content\" class=\"accordion-inner\" aria-labelledby=\"accordion-3559140208-label\" >\n\t\t\t\n<p>Moc Kim Spa is located in District 1, right in the heart of Ho Chi Minh City, near famous tourist attractions, making it very convenient for you to experience and relax.<\/p>\n\t\t<\/div>\n\t<\/div>\n\t\n<\/div>\n\t\t<\/div>\n\t\t\t\t\t<\/div>\n\n\t\n<\/div>\n\t\t<\/div>\n\n\t\t\n<style>\n#section_1157001935 {\n  padding-top: 40px;\n  padding-bottom: 40px;\n  background-color: rgb(247,243,239);\n}\n@media (min-width:550px) {\n  #section_1157001935 {\n    padding-top: 60px;\n    padding-bottom: 60px;\n  }\n}\n<\/style>\n\t<\/section>","protected":false},"excerpt":{"rendered":"","protected":false},"author":2,"featured_media":0,"parent":0,"menu_order":0,"comment_status":"closed","ping_status":"closed","template":"page-blank.php","meta":{"rank_math_lock_modified_date":false,"footnotes":""},"class_list":["post-34","page","type-page","status-publish","hentry"],"acf":[],"_links":{"self":[{"href":"https:\/\/duongsinhspa.vn\/en\/wp-json\/wp\/v2\/pages\/34","targetHints":{"allow":["GET"]}}],"collection":[{"href":"https:\/\/duongsinhspa.vn\/en\/wp-json\/wp\/v2\/pages"}],"about":[{"href":"https:\/\/duongsinhspa.vn\/en\/wp-json\/wp\/v2\/types\/page"}],"author":[{"embeddable":true,"href":"https:\/\/duongsinhspa.vn\/en\/wp-json\/wp\/v2\/users\/2"}],"replies":[{"embeddable":true,"href":"https:\/\/duongsinhspa.vn\/en\/wp-json\/wp\/v2\/comments?post=34"}],"version-history":[{"count":45,"href":"https:\/\/duongsinhspa.vn\/en\/wp-json\/wp\/v2\/pages\/34\/revisions"}],"predecessor-version":[{"id":4811,"href":"https:\/\/duongsinhspa.vn\/en\/wp-json\/wp\/v2\/pages\/34\/revisions\/4811"}],"wp:attachment":[{"href":"https:\/\/duongsinhspa.vn\/en\/wp-json\/wp\/v2\/media?parent=34"}],"curies":[{"name":"wp","href":"https:\/\/api.w.org\/{rel}","templated":true}]}}